{"id":9,"date":"2024-06-20T23:47:27","date_gmt":"2024-06-20T21:47:27","guid":{"rendered":"https:\/\/astridsbienen.at\/?page_id=9"},"modified":"2025-07-22T23:17:48","modified_gmt":"2025-07-22T21:17:48","slug":"kontakt","status":"publish","type":"page","link":"https:\/\/astridsbienen.at\/index.php\/kontakt\/","title":{"rendered":"Kontakt"},"content":{"rendered":"\t\t<div data-elementor-type=\"wp-page\" data-elementor-id=\"9\" class=\"elementor elementor-9\">\n\t\t\t\t<div class=\"elementor-element elementor-element-4008649 e-flex e-con-boxed e-con e-parent\" data-id=\"4008649\" data-element_type=\"container\">\n\t\t\t\t\t<div class=\"e-con-inner\">\n\t\t\t\t<div class=\"elementor-element elementor-element-81f76f7 elementor-widget elementor-widget-contact_section\" data-id=\"81f76f7\" data-element_type=\"widget\" data-widget_type=\"contact_section.default\">\n\t\t\t\t<div class=\"elementor-widget-container\">\n\t\t\t\t\t\t\t<!-- contact-section -->\n\t\t<section class=\"contact-section sec-pad\">\n\t\t\t<div class=\"auto-container\">\n\t\t\t\t<div class=\"row clearfix\">\n\t\t\t\t\t<div class=\"col-lg-5 col-md-12 col-sm-12 info-column\">\n\t\t\t\t\t\t<div class=\"contact-info-box\">\n\t\t\t\t\t\t\t<div class=\"sec-title style-two\">\n\t\t\t\t\t\t\t\t<!-- Tagline -->\n\t\t\t\t\t\t\t\t<p class=\"typo-tagline-text\">\n\t\t\t\t\t\t\t\t\tKontaktiere uns\t\t\t\t\t\t\t\t<\/p>\n\t\t\t\t\t\t\t\t<!-- Title -->\n\t\t\t\t\t\t\t\t<h2 class=\"typo-title-text\">\n\t\t\t\t\t\t\t\t\t Hast du Fragen zu unseren verschiedenen Honigsorten oder m\u00f6chtest\u00a0 unseren Honig bestellen?\t\t\t\t\t\t\t\t<\/h2>\n\t\t\t\t\t\t\t\t<!-- Title -->\n\t\t\t\t\t\t\t<\/div>\n\t\t\t\t\t\t\t<div class=\"text\">\n\t\t\t\t\t\t\t\t<p >Wir freuen uns, dass du dich f\u00fcr unsere Imkerei im wundersch\u00f6nen Alpenvorland interessierst. Bei uns dreht sich alles um die faszinierende Welt der Bienen und die k\u00f6stlichen Produkte<br>\n\nBesuche uns auch gerne pers\u00f6nlich: Br\u00fcndlweg 4, 2752 W\u00f6llersdorf<\/p>\n\t\t\t\t\t\t\t<\/div>\n\t\t\t\t\t\t\t\t\t\t\t\t\t\t\t<ul class=\"info-list clearfix\">\n\t\t\t\t\t\t\t\t\tTelefon\/Whatsapp: <a href=\"tel:0681 10550918\">0681 10550918<\/a>\n<br>\n<br>\ne-Mail: <a href=\"mailto:astridhennerfeind@gmx.at\">astridhennerfeind@gmx.at<\/a>\n\t\t\t\t\t\t\t\t<\/ul>\n\t\t\t\t\t\t\t\t\t\t\t\t\t\t<ul class=\"social-links clearfix\">\n\t\t\t\t\t\t\t\t\t\t\t\t\t\t\t<\/ul>\n\t\t\t\t\t\t<\/div>\n\t\t\t\t\t<\/div>\n\t\t\t\t\t<div class=\"col-lg-7 col-md-12 col-sm-12 form-column\">\n\t\t\t\t\t\t<div class=\"form-inner\">\n\t\t\t\t\t\t\t\n<div class=\"wpcf7 no-js\" id=\"wpcf7-f1958-o1\" lang=\"en-US\" dir=\"ltr\" data-wpcf7-id=\"1958\">\n<div class=\"screen-reader-response\"><p role=\"status\" aria-live=\"polite\" aria-atomic=\"true\"><\/p> <ul><\/ul><\/div>\n<form action=\"\/index.php\/wp-json\/wp\/v2\/pages\/9#wpcf7-f1958-o1\" method=\"post\" class=\"wpcf7-form init\" aria-label=\"Contact form\" novalidate=\"novalidate\" data-status=\"init\">\n<div style=\"display: none;\">\n<input type=\"hidden\" name=\"_wpcf7\" value=\"1958\" \/>\n<input type=\"hidden\" name=\"_wpcf7_version\" value=\"6.0.6\" \/>\n<input type=\"hidden\" name=\"_wpcf7_locale\" value=\"en_US\" \/>\n<input type=\"hidden\" name=\"_wpcf7_unit_tag\" value=\"wpcf7-f1958-o1\" \/>\n<input type=\"hidden\" name=\"_wpcf7_container_post\" value=\"0\" \/>\n<input type=\"hidden\" name=\"_wpcf7_posted_data_hash\" value=\"\" \/>\n<\/div>\n<div class=\"default-form\">\n\t<div class=\"row clearfix\">\n\t\t<div class=\"col-lg-6 col-md-6 col-sm-12 form-group\">\n\t\t\t<p><label>Dein Name<\/label><span class=\"wpcf7-form-control-wrap\" data-name=\"username\"><input size=\"40\" maxlength=\"400\" class=\"wpcf7-form-control wpcf7-text\" aria-invalid=\"false\" placeholder=\"Dein Name\" value=\"\" type=\"text\" name=\"username\" \/><\/span>\n\t\t\t<\/p>\n\t\t<\/div>\n\t\t<div class=\"col-lg-6 col-md-6 col-sm-12 form-group\">\n\t\t\t<p><label>Deine Email Addresse<\/label><span class=\"wpcf7-form-control-wrap\" data-name=\"your-email\"><input size=\"40\" maxlength=\"400\" class=\"wpcf7-form-control wpcf7-email wpcf7-validates-as-required wpcf7-text wpcf7-validates-as-email\" aria-required=\"true\" aria-invalid=\"false\" placeholder=\"Deine E-Mail\" value=\"\" type=\"email\" name=\"your-email\" \/><\/span>\n\t\t\t<\/p>\n\t\t<\/div>\n\t\t<div class=\"col-lg-6 col-md-12 col-sm-12 form-group\">\n\t\t\t<p><label>Deine telefonnummer<\/label><span class=\"wpcf7-form-control-wrap\" data-name=\"phone\"><input size=\"40\" maxlength=\"400\" class=\"wpcf7-form-control wpcf7-text\" aria-invalid=\"false\" placeholder=\"Deine Telefonnummer\" value=\"\" type=\"text\" name=\"phone\" \/><\/span>\n\t\t\t<\/p>\n\t\t<\/div>\n\t\t<div class=\"col-lg-6 col-md-12 col-sm-12 form-group\">\n\t\t\t<p><label>Worum gehts?<\/label><span class=\"wpcf7-form-control-wrap\" data-name=\"subject\"><input size=\"40\" maxlength=\"400\" class=\"wpcf7-form-control wpcf7-text\" aria-invalid=\"false\" placeholder=\"Worum gehts?\" value=\"\" type=\"text\" name=\"subject\" \/><\/span>\n\t\t\t<\/p>\n\t\t<\/div>\n\t\t<div class=\"col-lg-12 col-md-12 col-sm-12 form-group\">\n\t\t\t<p><label>Schreib uns eine Nachricht<\/label><span class=\"wpcf7-form-control-wrap\" data-name=\"message\"><textarea cols=\"40\" rows=\"10\" maxlength=\"2000\" class=\"wpcf7-form-control wpcf7-textarea wpcf7-validates-as-required\" aria-required=\"true\" aria-invalid=\"false\" placeholder=\"Deine Nachricht ...\" name=\"message\"><\/textarea><\/span>\n\t\t\t<\/p>\n\t\t<\/div>\n\t\t<div class=\"col-lg-12 col-md-12 col-sm-12 form-group message-btn\">\n\t\t\t<p><button class=\"theme-btn-two wpcf7-form-control wpcf7-submit\" type=\"submit\" name=\"submit-form\">Senden<\/button>\n\t\t\t<\/p>\n\t\t<\/div>\n\t<\/div>\n<\/div><div class=\"wpcf7-response-output\" aria-hidden=\"true\"><\/div>\n<\/form>\n<\/div>\n\n\t\t\t\t\t\t<\/div>\n\t\t\t\t\t<\/div>\n\t\t\t\t<\/div>\n\t\t\t<\/div>\n\t\t<\/section>\n\t\t<!-- contact-section end -->\n\t\t\t\t<\/div>\n\t\t\t\t<\/div>\n\t\t\t\t\t<\/div>\n\t\t\t\t<\/div>\n\t\t\t\t<\/div>\n\t\t","protected":false},"excerpt":{"rendered":"<p>Kontaktiere uns Hast du Fragen zu unseren verschiedenen Honigsorten oder m\u00f6chtest\u00a0 unseren Honig bestellen? Wir freuen uns, dass du dich f\u00fcr unsere Imkerei im wundersch\u00f6nen Alpenvorland interessierst. Bei uns dreht sich alles um die faszinierende Welt der Bienen und die k\u00f6stlichen Produkte Besuche uns auch gerne pers\u00f6nlich: Br\u00fcndlweg 4, 2752 W\u00f6llersdorf Telefon\/Whatsapp: 0681 10550918 e-Mail: [&hellip;]<\/p>\n","protected":false},"author":1,"featured_media":27,"parent":0,"menu_order":0,"comment_status":"closed","ping_status":"closed","template":"","meta":{"_sitemap_exclude":false,"_sitemap_priority":"","_sitemap_frequency":"","iawp_total_views":45,"footnotes":""},"class_list":["post-9","page","type-page","status-publish","has-post-thumbnail","hentry"],"yoast_head":"<!-- This site is optimized with the Yoast SEO plugin v25.0 - https:\/\/yoast.com\/wordpress\/plugins\/seo\/ -->\n<title>Kontakt - Imkerei Astrid Hennerfeind<\/title>\n<meta name=\"description\" content=\"Haben Sie Fragen zu unseren Bienenprodukten oder m\u00f6chten Honig bestellen? Hier findest du unsere Adresse und Kontaktdaten.\" \/>\n<meta name=\"robots\" content=\"index, follow, max-snippet:-1, max-image-preview:large, max-video-preview:-1\" \/>\n<link rel=\"canonical\" href=\"https:\/\/astridsbienen.at\/index.php\/kontakt\/\" \/>\n<meta property=\"og:locale\" content=\"de_DE\" \/>\n<meta property=\"og:type\" content=\"article\" \/>\n<meta property=\"og:title\" content=\"Kontakt - Imkerei Astrid Hennerfeind\" \/>\n<meta property=\"og:description\" content=\"Haben Sie Fragen zu unseren Bienenprodukten oder m\u00f6chten Honig bestellen? Hier findest du unsere Adresse und Kontaktdaten.\" \/>\n<meta property=\"og:url\" content=\"https:\/\/astridsbienen.at\/index.php\/kontakt\/\" \/>\n<meta property=\"og:site_name\" content=\"Imkerei Astrid Hennerfeind\" \/>\n<meta property=\"article:modified_time\" content=\"2025-07-22T21:17:48+00:00\" \/>\n<meta name=\"twitter:card\" content=\"summary_large_image\" \/>\n<meta name=\"twitter:label1\" content=\"Gesch\u00e4tzte Lesezeit\" \/>\n\t<meta name=\"twitter:data1\" content=\"1\u00a0Minute\" \/>\n<!-- \/ Yoast SEO plugin. -->","yoast_head_json":{"title":"Kontakt - Imkerei Astrid Hennerfeind","description":"Haben Sie Fragen zu unseren Bienenprodukten oder m\u00f6chten Honig bestellen? Hier findest du unsere Adresse und Kontaktdaten.","robots":{"index":"index","follow":"follow","max-snippet":"max-snippet:-1","max-image-preview":"max-image-preview:large","max-video-preview":"max-video-preview:-1"},"canonical":"https:\/\/astridsbienen.at\/index.php\/kontakt\/","og_locale":"de_DE","og_type":"article","og_title":"Kontakt - Imkerei Astrid Hennerfeind","og_description":"Haben Sie Fragen zu unseren Bienenprodukten oder m\u00f6chten Honig bestellen? Hier findest du unsere Adresse und Kontaktdaten.","og_url":"https:\/\/astridsbienen.at\/index.php\/kontakt\/","og_site_name":"Imkerei Astrid Hennerfeind","article_modified_time":"2025-07-22T21:17:48+00:00","twitter_card":"summary_large_image","twitter_misc":{"Gesch\u00e4tzte Lesezeit":"1\u00a0Minute"},"schema":{"@context":"https:\/\/schema.org","@graph":[{"@type":"WebPage","@id":"https:\/\/astridsbienen.at\/index.php\/kontakt\/","url":"https:\/\/astridsbienen.at\/index.php\/kontakt\/","name":"Kontakt - Imkerei Astrid Hennerfeind","isPartOf":{"@id":"https:\/\/astridsbienen.at\/#website"},"primaryImageOfPage":{"@id":"https:\/\/astridsbienen.at\/index.php\/kontakt\/#primaryimage"},"image":{"@id":"https:\/\/astridsbienen.at\/index.php\/kontakt\/#primaryimage"},"thumbnailUrl":"https:\/\/astridsbienen.at\/wp-content\/uploads\/2024\/06\/IMG_20240620_204302-01-4.jpeg","datePublished":"2024-06-20T21:47:27+00:00","dateModified":"2025-07-22T21:17:48+00:00","description":"Haben Sie Fragen zu unseren Bienenprodukten oder m\u00f6chten Honig bestellen? Hier findest du unsere Adresse und Kontaktdaten.","breadcrumb":{"@id":"https:\/\/astridsbienen.at\/index.php\/kontakt\/#breadcrumb"},"inLanguage":"de","potentialAction":[{"@type":"ReadAction","target":["https:\/\/astridsbienen.at\/index.php\/kontakt\/"]}]},{"@type":"ImageObject","inLanguage":"de","@id":"https:\/\/astridsbienen.at\/index.php\/kontakt\/#primaryimage","url":"https:\/\/astridsbienen.at\/wp-content\/uploads\/2024\/06\/IMG_20240620_204302-01-4.jpeg","contentUrl":"https:\/\/astridsbienen.at\/wp-content\/uploads\/2024\/06\/IMG_20240620_204302-01-4.jpeg","width":2500,"height":1875},{"@type":"BreadcrumbList","@id":"https:\/\/astridsbienen.at\/index.php\/kontakt\/#breadcrumb","itemListElement":[{"@type":"ListItem","position":1,"name":"Home","item":"https:\/\/astridsbienen.at\/"},{"@type":"ListItem","position":2,"name":"Kontakt"}]},{"@type":"WebSite","@id":"https:\/\/astridsbienen.at\/#website","url":"https:\/\/astridsbienen.at\/","name":"Imkerei Astrids Bienen aus W\u00f6llersdorf-Steinabr\u00fcckl","description":"Unsere Imkerei liegt am Beginn des malerischen Piestingtales in W\u00f6llersdorf, Wiener Neustadt Land.","publisher":{"@id":"https:\/\/astridsbienen.at\/#organization"},"alternateName":"Unsere Imkerei liegt am Beginn des malerischen Piestingtales in W\u00f6llersdorf, Wiener Neustadt Land.","potentialAction":[{"@type":"SearchAction","target":{"@type":"EntryPoint","urlTemplate":"https:\/\/astridsbienen.at\/?s={search_term_string}"},"query-input":{"@type":"PropertyValueSpecification","valueRequired":true,"valueName":"search_term_string"}}],"inLanguage":"de"},{"@type":"Organization","@id":"https:\/\/astridsbienen.at\/#organization","name":"Imkerei Astrids Bienen","url":"https:\/\/astridsbienen.at\/","logo":{"@type":"ImageObject","inLanguage":"de","@id":"https:\/\/astridsbienen.at\/#\/schema\/logo\/image\/","url":"https:\/\/astridsbienen.at\/wp-content\/uploads\/2024\/10\/cropped-cropped-trans_bg.png","contentUrl":"https:\/\/astridsbienen.at\/wp-content\/uploads\/2024\/10\/cropped-cropped-trans_bg.png","width":512,"height":512,"caption":"Imkerei Astrids Bienen"},"image":{"@id":"https:\/\/astridsbienen.at\/#\/schema\/logo\/image\/"}}]}},"_links":{"self":[{"href":"https:\/\/astridsbienen.at\/index.php\/wp-json\/wp\/v2\/pages\/9","targetHints":{"allow":["GET"]}}],"collection":[{"href":"https:\/\/astridsbienen.at\/index.php\/wp-json\/wp\/v2\/pages"}],"about":[{"href":"https:\/\/astridsbienen.at\/index.php\/wp-json\/wp\/v2\/types\/page"}],"author":[{"embeddable":true,"href":"https:\/\/astridsbienen.at\/index.php\/wp-json\/wp\/v2\/users\/1"}],"replies":[{"embeddable":true,"href":"https:\/\/astridsbienen.at\/index.php\/wp-json\/wp\/v2\/comments?post=9"}],"version-history":[{"count":33,"href":"https:\/\/astridsbienen.at\/index.php\/wp-json\/wp\/v2\/pages\/9\/revisions"}],"predecessor-version":[{"id":3653,"href":"https:\/\/astridsbienen.at\/index.php\/wp-json\/wp\/v2\/pages\/9\/revisions\/3653"}],"wp:featuredmedia":[{"embeddable":true,"href":"https:\/\/astridsbienen.at\/index.php\/wp-json\/wp\/v2\/media\/27"}],"wp:attachment":[{"href":"https:\/\/astridsbienen.at\/index.php\/wp-json\/wp\/v2\/media?parent=9"}],"curies":[{"name":"wp","href":"https:\/\/api.w.org\/{rel}","templated":true}]}}