{"id":3681,"date":"2025-09-02T10:07:10","date_gmt":"2025-09-02T08:07:10","guid":{"rendered":"https:\/\/astridsbienen.at\/?post_type=product&#038;p=3681"},"modified":"2025-12-25T22:01:17","modified_gmt":"2025-12-25T21:01:17","slug":"bluetenhonig-1kg","status":"publish","type":"product","link":"https:\/\/astridsbienen.at\/index.php\/produkt\/bluetenhonig-1kg\/","title":{"rendered":"Bl\u00fctenhonig 1kg"},"content":{"rendered":"","protected":false},"excerpt":{"rendered":"","protected":false},"featured_media":0,"template":"","meta":{"_sitemap_exclude":false,"_sitemap_priority":"","_sitemap_frequency":"","iawp_total_views":1},"product_brand":[],"product_cat":[48,45],"product_tag":[],"class_list":{"0":"post-3681","1":"product","2":"type-product","3":"status-publish","5":"product_cat-bluetenhonig","6":"product_cat-honig","8":"first","9":"outofstock","10":"shipping-taxable","11":"purchasable","12":"product-type-simple"},"yoast_head":"<!-- This site is optimized with the Yoast SEO plugin v25.0 - https:\/\/yoast.com\/wordpress\/plugins\/seo\/ -->\n<title>Bl\u00fctenhonig 1kg - Imkerei Astrid Hennerfeind<\/title>\n<meta name=\"robots\" content=\"index, follow, max-snippet:-1, max-image-preview:large, max-video-preview:-1\" \/>\n<link rel=\"canonical\" href=\"https:\/\/astridsbienen.at\/index.php\/produkt\/bluetenhonig-1kg\/\" \/>\n<meta property=\"og:locale\" content=\"de_DE\" \/>\n<meta property=\"og:type\" content=\"article\" \/>\n<meta property=\"og:title\" content=\"Bl\u00fctenhonig 1kg - Imkerei Astrid Hennerfeind\" \/>\n<meta property=\"og:url\" content=\"https:\/\/astridsbienen.at\/index.php\/produkt\/bluetenhonig-1kg\/\" \/>\n<meta property=\"og:site_name\" content=\"Imkerei Astrid Hennerfeind\" \/>\n<meta property=\"article:modified_time\" content=\"2025-12-25T21:01:17+00:00\" \/>\n<meta name=\"twitter:card\" content=\"summary_large_image\" \/>\n<meta name=\"twitter:label1\" content=\"Gesch\u00e4tzte Lesezeit\" \/>\n\t<meta name=\"twitter:data1\" content=\"1\u00a0Minute\" \/>\n<!-- \/ Yoast SEO plugin. -->","yoast_head_json":{"title":"Bl\u00fctenhonig 1kg - Imkerei Astrid Hennerfeind","robots":{"index":"index","follow":"follow","max-snippet":"max-snippet:-1","max-image-preview":"max-image-preview:large","max-video-preview":"max-video-preview:-1"},"canonical":"https:\/\/astridsbienen.at\/index.php\/produkt\/bluetenhonig-1kg\/","og_locale":"de_DE","og_type":"article","og_title":"Bl\u00fctenhonig 1kg - Imkerei Astrid Hennerfeind","og_url":"https:\/\/astridsbienen.at\/index.php\/produkt\/bluetenhonig-1kg\/","og_site_name":"Imkerei Astrid Hennerfeind","article_modified_time":"2025-12-25T21:01:17+00:00","twitter_card":"summary_large_image","twitter_misc":{"Gesch\u00e4tzte Lesezeit":"1\u00a0Minute"},"schema":{"@context":"https:\/\/schema.org","@graph":[{"@type":"WebPage","@id":"https:\/\/astridsbienen.at\/index.php\/produkt\/bluetenhonig-1kg\/","url":"https:\/\/astridsbienen.at\/index.php\/produkt\/bluetenhonig-1kg\/","name":"Bl\u00fctenhonig 1kg - Imkerei Astrid Hennerfeind","isPartOf":{"@id":"https:\/\/astridsbienen.at\/#website"},"datePublished":"2025-09-02T08:07:10+00:00","dateModified":"2025-12-25T21:01:17+00:00","breadcrumb":{"@id":"https:\/\/astridsbienen.at\/index.php\/produkt\/bluetenhonig-1kg\/#breadcrumb"},"inLanguage":"de","potentialAction":[{"@type":"ReadAction","target":["https:\/\/astridsbienen.at\/index.php\/produkt\/bluetenhonig-1kg\/"]}]},{"@type":"BreadcrumbList","@id":"https:\/\/astridsbienen.at\/index.php\/produkt\/bluetenhonig-1kg\/#breadcrumb","itemListElement":[{"@type":"ListItem","position":1,"name":"Home","item":"https:\/\/astridsbienen.at\/"},{"@type":"ListItem","position":2,"name":"Shop","item":"https:\/\/astridsbienen.at\/index.php\/produkte-aus-unserer-imkerei\/"},{"@type":"ListItem","position":3,"name":"Bl\u00fctenhonig 1kg"}]},{"@type":"WebSite","@id":"https:\/\/astridsbienen.at\/#website","url":"https:\/\/astridsbienen.at\/","name":"Imkerei Astrids Bienen aus W\u00f6llersdorf-Steinabr\u00fcckl","description":"Unsere Imkerei liegt am Beginn des malerischen Piestingtales in W\u00f6llersdorf, Wiener Neustadt Land.","publisher":{"@id":"https:\/\/astridsbienen.at\/#organization"},"alternateName":"Unsere Imkerei liegt am Beginn des malerischen Piestingtales in W\u00f6llersdorf, Wiener Neustadt Land.","potentialAction":[{"@type":"SearchAction","target":{"@type":"EntryPoint","urlTemplate":"https:\/\/astridsbienen.at\/?s={search_term_string}"},"query-input":{"@type":"PropertyValueSpecification","valueRequired":true,"valueName":"search_term_string"}}],"inLanguage":"de"},{"@type":"Organization","@id":"https:\/\/astridsbienen.at\/#organization","name":"Imkerei Astrids Bienen","url":"https:\/\/astridsbienen.at\/","logo":{"@type":"ImageObject","inLanguage":"de","@id":"https:\/\/astridsbienen.at\/#\/schema\/logo\/image\/","url":"https:\/\/astridsbienen.at\/wp-content\/uploads\/2024\/10\/cropped-cropped-trans_bg.png","contentUrl":"https:\/\/astridsbienen.at\/wp-content\/uploads\/2024\/10\/cropped-cropped-trans_bg.png","width":512,"height":512,"caption":"Imkerei Astrids Bienen"},"image":{"@id":"https:\/\/astridsbienen.at\/#\/schema\/logo\/image\/"}}]}},"_links":{"self":[{"href":"https:\/\/astridsbienen.at\/index.php\/wp-json\/wp\/v2\/product\/3681","targetHints":{"allow":["GET"]}}],"collection":[{"href":"https:\/\/astridsbienen.at\/index.php\/wp-json\/wp\/v2\/product"}],"about":[{"href":"https:\/\/astridsbienen.at\/index.php\/wp-json\/wp\/v2\/types\/product"}],"wp:attachment":[{"href":"https:\/\/astridsbienen.at\/index.php\/wp-json\/wp\/v2\/media?parent=3681"}],"wp:term":[{"taxonomy":"product_brand","embeddable":true,"href":"https:\/\/astridsbienen.at\/index.php\/wp-json\/wp\/v2\/product_brand?post=3681"},{"taxonomy":"product_cat","embeddable":true,"href":"https:\/\/astridsbienen.at\/index.php\/wp-json\/wp\/v2\/product_cat?post=3681"},{"taxonomy":"product_tag","embeddable":true,"href":"https:\/\/astridsbienen.at\/index.php\/wp-json\/wp\/v2\/product_tag?post=3681"}],"curies":[{"name":"wp","href":"https:\/\/api.w.org\/{rel}","templated":true}]}}