{"id":3739,"date":"2025-11-02T21:55:46","date_gmt":"2025-11-02T20:55:46","guid":{"rendered":"https:\/\/astridsbienen.at\/?post_type=product&#038;p=3739"},"modified":"2025-12-16T22:51:06","modified_gmt":"2025-12-16T21:51:06","slug":"bienenwachskerze-bubble-invertiert","status":"publish","type":"product","link":"https:\/\/astridsbienen.at\/index.php\/produkt\/bienenwachskerze-bubble-invertiert\/","title":{"rendered":"Bienenwachskerze &#8220;Bubble Invertiert&#8221;"},"content":{"rendered":"<p>Ein moderner Hingucker aus traditionellem Material: Die \u201eBubble Invertiert\u201c besticht durch ihr spannendes, nach innen gew\u00f6lbtes Blasendesign. Jede Kerze wird liebevoll von Hand gefertigt und verstr\u00f6mt beim Abbrennen einen angenehmen, nat\u00fcrlichen Wachsduft. Ideal f\u00fcr moderne Wohnr\u00e4ume mit nat\u00fcrlichem Flair.<\/p>\n","protected":false},"excerpt":{"rendered":"<p>Ein moderner Hingucker aus traditionellem Material: Die \u201eBubble Invertiert\u201c besticht durch ihr spannendes, nach innen gew\u00f6lbtes Blasendesign. Jede Kerze wird liebevoll von Hand gefertigt und verstr\u00f6mt beim Abbrennen einen angenehmen, nat\u00fcrlichen Wachsduft. Ideal f\u00fcr moderne Wohnr\u00e4ume mit nat\u00fcrlichem Flair.<\/p>\n","protected":false},"featured_media":3740,"template":"","meta":{"_sitemap_exclude":false,"_sitemap_priority":"","_sitemap_frequency":"","iawp_total_views":1},"product_brand":[],"product_cat":[46],"product_tag":[],"class_list":{"0":"post-3739","1":"product","2":"type-product","3":"status-publish","4":"has-post-thumbnail","6":"product_cat-bienenwachskerzen","8":"first","9":"instock","10":"shipping-taxable","11":"purchasable","12":"product-type-simple"},"yoast_head":"<!-- This site is optimized with the Yoast SEO plugin v25.0 - https:\/\/yoast.com\/wordpress\/plugins\/seo\/ -->\n<title>Bienenwachskerze &quot;Bubble Invertiert&quot; - Imkerei Astrid Hennerfeind<\/title>\n<meta name=\"description\" content=\"Moderne Bienenwachskerze mit invertiertem Bubble-Design. Handarbeit aus Nieder\u00f6sterreich \u2013 nat\u00fcrlich, stilvoll und wohlig duftend.\" \/>\n<meta name=\"robots\" content=\"index, follow, max-snippet:-1, max-image-preview:large, max-video-preview:-1\" \/>\n<link rel=\"canonical\" href=\"https:\/\/astridsbienen.at\/index.php\/produkt\/bienenwachskerze-bubble-invertiert\/\" \/>\n<meta property=\"og:locale\" content=\"de_DE\" \/>\n<meta property=\"og:type\" content=\"article\" \/>\n<meta property=\"og:title\" content=\"Bienenwachskerze &quot;Bubble Invertiert&quot; - Imkerei Astrid Hennerfeind\" \/>\n<meta property=\"og:description\" content=\"Moderne Bienenwachskerze mit invertiertem Bubble-Design. Handarbeit aus Nieder\u00f6sterreich \u2013 nat\u00fcrlich, stilvoll und wohlig duftend.\" \/>\n<meta property=\"og:url\" content=\"https:\/\/astridsbienen.at\/index.php\/produkt\/bienenwachskerze-bubble-invertiert\/\" \/>\n<meta property=\"og:site_name\" content=\"Imkerei Astrid Hennerfeind\" \/>\n<meta property=\"article:modified_time\" content=\"2025-12-16T21:51:06+00:00\" \/>\n<meta property=\"og:image\" content=\"https:\/\/astridsbienen.at\/wp-content\/uploads\/2025\/11\/20251031_210027-scaled.jpg\" \/>\n\t<meta property=\"og:image:width\" content=\"2560\" \/>\n\t<meta property=\"og:image:height\" content=\"1920\" \/>\n\t<meta property=\"og:image:type\" content=\"image\/jpeg\" \/>\n<meta name=\"twitter:card\" content=\"summary_large_image\" \/>\n<meta name=\"twitter:label1\" content=\"Gesch\u00e4tzte Lesezeit\" \/>\n\t<meta name=\"twitter:data1\" content=\"1\u00a0Minute\" \/>\n<!-- \/ Yoast SEO plugin. -->","yoast_head_json":{"title":"Bienenwachskerze \"Bubble Invertiert\" - Imkerei Astrid Hennerfeind","description":"Moderne Bienenwachskerze mit invertiertem Bubble-Design. Handarbeit aus Nieder\u00f6sterreich \u2013 nat\u00fcrlich, stilvoll und wohlig duftend.","robots":{"index":"index","follow":"follow","max-snippet":"max-snippet:-1","max-image-preview":"max-image-preview:large","max-video-preview":"max-video-preview:-1"},"canonical":"https:\/\/astridsbienen.at\/index.php\/produkt\/bienenwachskerze-bubble-invertiert\/","og_locale":"de_DE","og_type":"article","og_title":"Bienenwachskerze \"Bubble Invertiert\" - Imkerei Astrid Hennerfeind","og_description":"Moderne Bienenwachskerze mit invertiertem Bubble-Design. Handarbeit aus Nieder\u00f6sterreich \u2013 nat\u00fcrlich, stilvoll und wohlig duftend.","og_url":"https:\/\/astridsbienen.at\/index.php\/produkt\/bienenwachskerze-bubble-invertiert\/","og_site_name":"Imkerei Astrid Hennerfeind","article_modified_time":"2025-12-16T21:51:06+00:00","og_image":[{"width":2560,"height":1920,"url":"https:\/\/astridsbienen.at\/wp-content\/uploads\/2025\/11\/20251031_210027-scaled.jpg","type":"image\/jpeg"}],"twitter_card":"summary_large_image","twitter_misc":{"Gesch\u00e4tzte Lesezeit":"1\u00a0Minute"},"schema":{"@context":"https:\/\/schema.org","@graph":[{"@type":"WebPage","@id":"https:\/\/astridsbienen.at\/index.php\/produkt\/bienenwachskerze-bubble-invertiert\/","url":"https:\/\/astridsbienen.at\/index.php\/produkt\/bienenwachskerze-bubble-invertiert\/","name":"Bienenwachskerze \"Bubble Invertiert\" - Imkerei Astrid Hennerfeind","isPartOf":{"@id":"https:\/\/astridsbienen.at\/#website"},"primaryImageOfPage":{"@id":"https:\/\/astridsbienen.at\/index.php\/produkt\/bienenwachskerze-bubble-invertiert\/#primaryimage"},"image":{"@id":"https:\/\/astridsbienen.at\/index.php\/produkt\/bienenwachskerze-bubble-invertiert\/#primaryimage"},"thumbnailUrl":"https:\/\/astridsbienen.at\/wp-content\/uploads\/2025\/11\/20251031_210027-scaled.jpg","datePublished":"2025-11-02T20:55:46+00:00","dateModified":"2025-12-16T21:51:06+00:00","description":"Moderne Bienenwachskerze mit invertiertem Bubble-Design. Handarbeit aus Nieder\u00f6sterreich \u2013 nat\u00fcrlich, stilvoll und wohlig duftend.","breadcrumb":{"@id":"https:\/\/astridsbienen.at\/index.php\/produkt\/bienenwachskerze-bubble-invertiert\/#breadcrumb"},"inLanguage":"de","potentialAction":[{"@type":"ReadAction","target":["https:\/\/astridsbienen.at\/index.php\/produkt\/bienenwachskerze-bubble-invertiert\/"]}]},{"@type":"ImageObject","inLanguage":"de","@id":"https:\/\/astridsbienen.at\/index.php\/produkt\/bienenwachskerze-bubble-invertiert\/#primaryimage","url":"https:\/\/astridsbienen.at\/wp-content\/uploads\/2025\/11\/20251031_210027-scaled.jpg","contentUrl":"https:\/\/astridsbienen.at\/wp-content\/uploads\/2025\/11\/20251031_210027-scaled.jpg","width":2560,"height":1920},{"@type":"BreadcrumbList","@id":"https:\/\/astridsbienen.at\/index.php\/produkt\/bienenwachskerze-bubble-invertiert\/#breadcrumb","itemListElement":[{"@type":"ListItem","position":1,"name":"Home","item":"https:\/\/astridsbienen.at\/"},{"@type":"ListItem","position":2,"name":"Shop","item":"https:\/\/astridsbienen.at\/index.php\/produkte-aus-unserer-imkerei\/"},{"@type":"ListItem","position":3,"name":"Bienenwachskerze &#8220;Bubble Invertiert&#8221;"}]},{"@type":"WebSite","@id":"https:\/\/astridsbienen.at\/#website","url":"https:\/\/astridsbienen.at\/","name":"Imkerei Astrids Bienen aus W\u00f6llersdorf-Steinabr\u00fcckl","description":"Unsere Imkerei liegt am Beginn des malerischen Piestingtales in W\u00f6llersdorf, Wiener Neustadt Land.","publisher":{"@id":"https:\/\/astridsbienen.at\/#organization"},"alternateName":"Unsere Imkerei liegt am Beginn des malerischen Piestingtales in W\u00f6llersdorf, Wiener Neustadt Land.","potentialAction":[{"@type":"SearchAction","target":{"@type":"EntryPoint","urlTemplate":"https:\/\/astridsbienen.at\/?s={search_term_string}"},"query-input":{"@type":"PropertyValueSpecification","valueRequired":true,"valueName":"search_term_string"}}],"inLanguage":"de"},{"@type":"Organization","@id":"https:\/\/astridsbienen.at\/#organization","name":"Imkerei Astrids Bienen","url":"https:\/\/astridsbienen.at\/","logo":{"@type":"ImageObject","inLanguage":"de","@id":"https:\/\/astridsbienen.at\/#\/schema\/logo\/image\/","url":"https:\/\/astridsbienen.at\/wp-content\/uploads\/2024\/10\/cropped-cropped-trans_bg.png","contentUrl":"https:\/\/astridsbienen.at\/wp-content\/uploads\/2024\/10\/cropped-cropped-trans_bg.png","width":512,"height":512,"caption":"Imkerei Astrids Bienen"},"image":{"@id":"https:\/\/astridsbienen.at\/#\/schema\/logo\/image\/"}}]}},"_links":{"self":[{"href":"https:\/\/astridsbienen.at\/index.php\/wp-json\/wp\/v2\/product\/3739","targetHints":{"allow":["GET"]}}],"collection":[{"href":"https:\/\/astridsbienen.at\/index.php\/wp-json\/wp\/v2\/product"}],"about":[{"href":"https:\/\/astridsbienen.at\/index.php\/wp-json\/wp\/v2\/types\/product"}],"wp:featuredmedia":[{"embeddable":true,"href":"https:\/\/astridsbienen.at\/index.php\/wp-json\/wp\/v2\/media\/3740"}],"wp:attachment":[{"href":"https:\/\/astridsbienen.at\/index.php\/wp-json\/wp\/v2\/media?parent=3739"}],"wp:term":[{"taxonomy":"product_brand","embeddable":true,"href":"https:\/\/astridsbienen.at\/index.php\/wp-json\/wp\/v2\/product_brand?post=3739"},{"taxonomy":"product_cat","embeddable":true,"href":"https:\/\/astridsbienen.at\/index.php\/wp-json\/wp\/v2\/product_cat?post=3739"},{"taxonomy":"product_tag","embeddable":true,"href":"https:\/\/astridsbienen.at\/index.php\/wp-json\/wp\/v2\/product_tag?post=3739"}],"curies":[{"name":"wp","href":"https:\/\/api.w.org\/{rel}","templated":true}]}}