{"id":3848,"date":"2026-02-11T21:00:03","date_gmt":"2026-02-11T20:00:03","guid":{"rendered":"https:\/\/astridsbienen.at\/?post_type=product&#038;p=3848"},"modified":"2026-02-11T21:02:26","modified_gmt":"2026-02-11T20:02:26","slug":"propolistropfen","status":"publish","type":"product","link":"https:\/\/astridsbienen.at\/index.php\/produkt\/propolistropfen\/","title":{"rendered":"Propolistropfen"},"content":{"rendered":"<h2 data-start=\"121\" data-end=\"159\">Propolistropfen aus eigener Imkerei<\/h2>\n<p data-start=\"161\" data-end=\"404\">Unsere Propolistropfen werden aus dem Propolis unserer eigenen Bienenv\u00f6lker hergestellt, das wir im vergangenen Jahr sorgf\u00e4ltig geerntet haben. Die Verarbeitung erfolgt schonend, damit die wertvollen Inhaltsstoffe bestm\u00f6glich erhalten bleiben.<\/p>\n<p data-start=\"406\" data-end=\"454\">Die fertige L\u00f6sung wurde untersucht und enth\u00e4lt:<\/p>\n<p data-start=\"456\" data-end=\"508\">17,5 % Propolis<br data-start=\"475\" data-end=\"478\" \/>96 %igen Alkohol (Ethanol)<\/p>\n<p data-start=\"456\" data-end=\"508\"><strong data-start=\"478\" data-end=\"508\">F\u00fcllmenge: 20ml<\/strong><\/p>\n<p data-start=\"456\" data-end=\"508\">Abgef\u00fcllt wird in <strong data-start=\"484\" data-end=\"523\">20 ml Braunglasflaschen mit Tropfer<\/strong>, lichtgesch\u00fctzt zur besseren Haltbarkeit.<\/p>\n<p data-start=\"510\" data-end=\"607\">Propolis ist ein Naturprodukt. Farbe, Geruch und Geschmack k\u00f6nnen je nach Ernte leicht variieren.<\/p>\n<p data-start=\"510\" data-end=\"607\"><strong>Bei Interesse freuen wir uns \u00fcber eine Kontaktaufnahme.<\/strong><br data-start=\"1619\" data-end=\"1622\" \/><strong>Fotos folgen in K\u00fcrze.\u00a0<\/strong><\/p>\n<h3 data-start=\"848\" data-end=\"874\">Anwendungsempfehlung<\/h3>\n<p data-start=\"875\" data-end=\"931\">2\u20133 mal t\u00e4glich 20\u201325 Tropfen in etwas Wasser einnehmen.<\/p>\n<p data-start=\"933\" data-end=\"979\">Die empfohlene Tagesdosis nicht \u00fcberschreiten.<\/p>\n<h3 data-start=\"981\" data-end=\"994\">Hinweis<\/h3>\n<p data-start=\"995\" data-end=\"1122\">Nahrungserg\u00e4nzungsmittel sind kein Ersatz f\u00fcr eine ausgewogene und abwechslungsreiche Ern\u00e4hrung sowie eine gesunde Lebensweise.<\/p>\n<h3 data-start=\"1124\" data-end=\"1142\">Warnhinweise<\/h3>\n<ul data-start=\"1143\" data-end=\"1439\">\n<li data-start=\"1143\" data-end=\"1163\">\n<p data-start=\"1145\" data-end=\"1163\">Enth\u00e4lt Alkohol.<\/p>\n<\/li>\n<li data-start=\"1164\" data-end=\"1194\">\n<p data-start=\"1166\" data-end=\"1194\">Nicht f\u00fcr Kinder geeignet.<\/p>\n<\/li>\n<li data-start=\"1195\" data-end=\"1278\">\n<p data-start=\"1197\" data-end=\"1278\">Nicht anwenden bei Allergie oder \u00dcberempfindlichkeit gegen\u00fcber Bienenprodukten.<\/p>\n<\/li>\n<li data-start=\"1279\" data-end=\"1385\">\n<p data-start=\"1281\" data-end=\"1385\">W\u00e4hrend Schwangerschaft und Stillzeit nur nach R\u00fccksprache mit einer \u00c4rztin oder einem Arzt verwenden.<\/p>\n<\/li>\n<li data-start=\"1386\" data-end=\"1439\">\n<p data-start=\"1388\" data-end=\"1439\">Au\u00dferhalb der Reichweite von Kindern aufbewahren.<\/p>\n<\/li>\n<\/ul>\n<p>&nbsp;<\/p>\n<h2 data-start=\"614\" data-end=\"644\">Wissenswertes \u00fcber Propolis<\/h2>\n<p data-start=\"646\" data-end=\"813\">Propolis ist das Schutzharz der Bienen. Sie sammeln es von Knospen und Baumharzen und verwenden es im Bienenstock zur Abdichtung und zum Schutz vor \u00e4u\u00dferen Einfl\u00fcssen.<\/p>\n<p data-start=\"815\" data-end=\"1052\">Es enth\u00e4lt unter anderem Harze, Wachsanteile, \u00e4therische \u00d6le und nat\u00fcrliche Pflanzenstoffe wie Flavonoide. In der Volkskunde wird Propolis traditionell zur Unterst\u00fctzung des Immunsystems und zur Pflege von Mund- und Rachenraum verwendet.<\/p>\n","protected":false},"excerpt":{"rendered":"<p>Propolistropfen aus eigener Imkerei Unsere Propolistropfen werden aus dem Propolis unserer eigenen Bienenv\u00f6lker hergestellt, das wir im vergangenen Jahr sorgf\u00e4ltig geerntet haben. Die Verarbeitung erfolgt schonend, damit die wertvollen Inhaltsstoffe bestm\u00f6glich erhalten bleiben. Die fertige L\u00f6sung wurde untersucht und enth\u00e4lt: 17,5 % Propolis96 %igen Alkohol (Ethanol) F\u00fcllmenge: 20ml Abgef\u00fcllt wird in 20 ml Braunglasflaschen mit [&hellip;]<\/p>\n","protected":false},"featured_media":0,"template":"","meta":{"_sitemap_exclude":false,"_sitemap_priority":"","_sitemap_frequency":"","iawp_total_views":0},"product_brand":[],"product_cat":[156],"product_tag":[],"class_list":{"0":"post-3848","1":"product","2":"type-product","3":"status-publish","5":"product_cat-propolis","7":"first","8":"instock","9":"shipping-taxable","10":"product-type-simple"},"yoast_head":"<!-- This site is optimized with the Yoast SEO plugin v25.0 - https:\/\/yoast.com\/wordpress\/plugins\/seo\/ -->\n<title>Propolistropfen - Imkerei Astrid Hennerfeind<\/title>\n<meta name=\"robots\" content=\"index, follow, max-snippet:-1, max-image-preview:large, max-video-preview:-1\" \/>\n<link rel=\"canonical\" href=\"https:\/\/astridsbienen.at\/index.php\/produkt\/propolistropfen\/\" \/>\n<meta property=\"og:locale\" content=\"de_DE\" \/>\n<meta property=\"og:type\" content=\"article\" \/>\n<meta property=\"og:title\" content=\"Propolistropfen - Imkerei Astrid Hennerfeind\" \/>\n<meta property=\"og:description\" content=\"Propolistropfen aus eigener Imkerei Unsere Propolistropfen werden aus dem Propolis unserer eigenen Bienenv\u00f6lker hergestellt, das wir im vergangenen Jahr sorgf\u00e4ltig geerntet haben. Die Verarbeitung erfolgt schonend, damit die wertvollen Inhaltsstoffe bestm\u00f6glich erhalten bleiben. Die fertige L\u00f6sung wurde untersucht und enth\u00e4lt: 17,5 % Propolis96 %igen Alkohol (Ethanol) F\u00fcllmenge: 20ml Abgef\u00fcllt wird in 20 ml Braunglasflaschen mit [&hellip;]\" \/>\n<meta property=\"og:url\" content=\"https:\/\/astridsbienen.at\/index.php\/produkt\/propolistropfen\/\" \/>\n<meta property=\"og:site_name\" content=\"Imkerei Astrid Hennerfeind\" \/>\n<meta property=\"article:modified_time\" content=\"2026-02-11T20:02:26+00:00\" \/>\n<meta name=\"twitter:card\" content=\"summary_large_image\" \/>\n<meta name=\"twitter:label1\" content=\"Gesch\u00e4tzte Lesezeit\" \/>\n\t<meta name=\"twitter:data1\" content=\"2\u00a0Minuten\" \/>\n<!-- \/ Yoast SEO plugin. -->","yoast_head_json":{"title":"Propolistropfen - Imkerei Astrid Hennerfeind","robots":{"index":"index","follow":"follow","max-snippet":"max-snippet:-1","max-image-preview":"max-image-preview:large","max-video-preview":"max-video-preview:-1"},"canonical":"https:\/\/astridsbienen.at\/index.php\/produkt\/propolistropfen\/","og_locale":"de_DE","og_type":"article","og_title":"Propolistropfen - Imkerei Astrid Hennerfeind","og_description":"Propolistropfen aus eigener Imkerei Unsere Propolistropfen werden aus dem Propolis unserer eigenen Bienenv\u00f6lker hergestellt, das wir im vergangenen Jahr sorgf\u00e4ltig geerntet haben. Die Verarbeitung erfolgt schonend, damit die wertvollen Inhaltsstoffe bestm\u00f6glich erhalten bleiben. Die fertige L\u00f6sung wurde untersucht und enth\u00e4lt: 17,5 % Propolis96 %igen Alkohol (Ethanol) F\u00fcllmenge: 20ml Abgef\u00fcllt wird in 20 ml Braunglasflaschen mit [&hellip;]","og_url":"https:\/\/astridsbienen.at\/index.php\/produkt\/propolistropfen\/","og_site_name":"Imkerei Astrid Hennerfeind","article_modified_time":"2026-02-11T20:02:26+00:00","twitter_card":"summary_large_image","twitter_misc":{"Gesch\u00e4tzte Lesezeit":"2\u00a0Minuten"},"schema":{"@context":"https:\/\/schema.org","@graph":[{"@type":"WebPage","@id":"https:\/\/astridsbienen.at\/index.php\/produkt\/propolistropfen\/","url":"https:\/\/astridsbienen.at\/index.php\/produkt\/propolistropfen\/","name":"Propolistropfen - Imkerei Astrid Hennerfeind","isPartOf":{"@id":"https:\/\/astridsbienen.at\/#website"},"datePublished":"2026-02-11T20:00:03+00:00","dateModified":"2026-02-11T20:02:26+00:00","breadcrumb":{"@id":"https:\/\/astridsbienen.at\/index.php\/produkt\/propolistropfen\/#breadcrumb"},"inLanguage":"de","potentialAction":[{"@type":"ReadAction","target":["https:\/\/astridsbienen.at\/index.php\/produkt\/propolistropfen\/"]}]},{"@type":"BreadcrumbList","@id":"https:\/\/astridsbienen.at\/index.php\/produkt\/propolistropfen\/#breadcrumb","itemListElement":[{"@type":"ListItem","position":1,"name":"Home","item":"https:\/\/astridsbienen.at\/"},{"@type":"ListItem","position":2,"name":"Shop","item":"https:\/\/astridsbienen.at\/index.php\/produkte-aus-unserer-imkerei\/"},{"@type":"ListItem","position":3,"name":"Propolistropfen"}]},{"@type":"WebSite","@id":"https:\/\/astridsbienen.at\/#website","url":"https:\/\/astridsbienen.at\/","name":"Imkerei Astrids Bienen aus W\u00f6llersdorf-Steinabr\u00fcckl","description":"Unsere Imkerei liegt am Beginn des malerischen Piestingtales in W\u00f6llersdorf, Wiener Neustadt Land.","publisher":{"@id":"https:\/\/astridsbienen.at\/#organization"},"alternateName":"Unsere Imkerei liegt am Beginn des malerischen Piestingtales in W\u00f6llersdorf, Wiener Neustadt Land.","potentialAction":[{"@type":"SearchAction","target":{"@type":"EntryPoint","urlTemplate":"https:\/\/astridsbienen.at\/?s={search_term_string}"},"query-input":{"@type":"PropertyValueSpecification","valueRequired":true,"valueName":"search_term_string"}}],"inLanguage":"de"},{"@type":"Organization","@id":"https:\/\/astridsbienen.at\/#organization","name":"Imkerei Astrids Bienen","url":"https:\/\/astridsbienen.at\/","logo":{"@type":"ImageObject","inLanguage":"de","@id":"https:\/\/astridsbienen.at\/#\/schema\/logo\/image\/","url":"https:\/\/astridsbienen.at\/wp-content\/uploads\/2024\/10\/cropped-cropped-trans_bg.png","contentUrl":"https:\/\/astridsbienen.at\/wp-content\/uploads\/2024\/10\/cropped-cropped-trans_bg.png","width":512,"height":512,"caption":"Imkerei Astrids Bienen"},"image":{"@id":"https:\/\/astridsbienen.at\/#\/schema\/logo\/image\/"}}]}},"_links":{"self":[{"href":"https:\/\/astridsbienen.at\/index.php\/wp-json\/wp\/v2\/product\/3848","targetHints":{"allow":["GET"]}}],"collection":[{"href":"https:\/\/astridsbienen.at\/index.php\/wp-json\/wp\/v2\/product"}],"about":[{"href":"https:\/\/astridsbienen.at\/index.php\/wp-json\/wp\/v2\/types\/product"}],"wp:attachment":[{"href":"https:\/\/astridsbienen.at\/index.php\/wp-json\/wp\/v2\/media?parent=3848"}],"wp:term":[{"taxonomy":"product_brand","embeddable":true,"href":"https:\/\/astridsbienen.at\/index.php\/wp-json\/wp\/v2\/product_brand?post=3848"},{"taxonomy":"product_cat","embeddable":true,"href":"https:\/\/astridsbienen.at\/index.php\/wp-json\/wp\/v2\/product_cat?post=3848"},{"taxonomy":"product_tag","embeddable":true,"href":"https:\/\/astridsbienen.at\/index.php\/wp-json\/wp\/v2\/product_tag?post=3848"}],"curies":[{"name":"wp","href":"https:\/\/api.w.org\/{rel}","templated":true}]}}